{"id":475,"date":"2024-12-18T20:01:30","date_gmt":"2024-12-18T17:01:30","guid":{"rendered":"http:\/\/www.izaluminyum.com\/?page_id=475"},"modified":"2025-01-13T16:34:59","modified_gmt":"2025-01-13T13:34:59","slug":"iletisim","status":"publish","type":"page","link":"http:\/\/www.izaluminyum.com\/?page_id=475","title":{"rendered":"\u0130leti\u015fim"},"content":{"rendered":"\r\n<div class=\"wp-block-buttons is-content-justification-center is-layout-flex wp-container-core-buttons-is-layout-1 wp-block-buttons-is-layout-flex\">\r\n<div class=\"wp-block-button\"><a class=\"wp-block-button__link wp-element-button\" href=\"https:\/\/docs.google.com\/forms\/d\/e\/1FAIpQLSem46N43rtlJjclnFQRQc6QFPMNIpmMJG0wTtflZPuVYqCAbQ\/viewform?usp=header\">\u0130\u015f Ba\u015fvurusu Yapmak \u0130\u00e7in<\/a><\/div>\r\n<\/div>\r\n\r\n\r\n\r\n<div class=\"wp-block-spacer\" style=\"height: 100px;\" aria-hidden=\"true\">\u00a0<\/div>\r\n\r\n<p><style>\r\n      \r\n        .company-table {\r\n            width: 100%;\r\n            max-width: 800px;\r\n            margin: 0 auto;\r\n            border-collapse: collapse;\r\n            background-color: #fff;\r\n            box-shadow: 0 4px 6px rgba(0, 0, 0, 0.1);\r\n            border-radius: 8px;\r\n            overflow: hidden;\r\n        }\r\n\r\n        .company-table th, .company-table td {\r\n            padding: 12px 15px;\r\n            border: 1px solid #ddd;\r\n            text-align: left;\r\n        }\r\n\r\n        .company-table th {\r\n            background-color: #004d99;\r\n            color: #fff;\r\n            font-weight: bold;\r\n        }\r\n\r\n        .company-table a {\r\n            color: #004d99;\r\n            text-decoration: none;\r\n            font-weight: bold;\r\n        }\r\n\r\n        .company-table a:hover {\r\n            text-decoration: underline;\r\n            color: #002f66;\r\n        }\r\n\r\n        @media (max-width: 600px) {\r\n            .company-table th, .company-table td {\r\n                padding: 8px;\r\n                font-size: 0.9em;\r\n            }\r\n        }\r\n    <\/style><\/p>\r\n<table class=\"company-table\">\r\n<tbody>\r\n<tr>\r\n<th>\u015eirket Ad\u0131<\/th>\r\n<td>\u0130z Eloksal Boya Al\u00fcminyum \u0130n\u015f. San. ve D\u0131\u015f Tic. Ltd. \u015eti.<\/td>\r\n<\/tr>\r\n<tr>\r\n<th>Adres<\/th>\r\n<td>Organize Sanayi B\u00f6lgesi 6. Cad. No: 3 Domurcal\u0131-S\u00fclo\u011flu \/ ED\u0130RNE<\/td>\r\n<\/tr>\r\n<tr>\r\n<th>Faaliyet Alan\u0131<\/th>\r\n<td>Eloksal Kaplama, Elektrostatik Boya ve Al\u00fcminyum Profil \u0130malat\u0131<\/td>\r\n<\/tr>\r\n<tr>\r\n<th>\u0130leti\u015fim Numaras\u0131<\/th>\r\n<td>0 284 316 2228<\/td>\r\n<\/tr>\r\n<tr>\r\n<th>Web Site<\/th>\r\n<td><a href=\"http:\/\/www.izaluminyum.com\" target=\"_blank\" rel=\"noopener\">http:\/\/www.izaluminyum.com<\/a><\/td>\r\n<\/tr>\r\n<\/tbody>\r\n<\/table>\r\n\r\n<p>&nbsp;<\/p>\r\n","protected":false},"excerpt":{"rendered":"<p>\u015eirket Ad\u0131 \u0130z Eloksal Boya Al\u00fcminyum \u0130n\u015f. San. ve D\u0131\u015f Tic. Ltd. \u015eti. Adres Organize Sanayi B\u00f6lgesi 6. Cad. No: 3 Domurcal\u0131-S\u00fclo\u011flu \/ ED\u0130RNE Faaliyet Alan\u0131 Eloksal Kaplama, Elektrostatik Boya ve Al\u00fcminyum Profil \u0130malat\u0131 \u0130leti\u015fim Numaras\u0131 0 284 316 2228 Web Site http:\/\/www.izaluminyum.com &nbsp;<\/p>\n","protected":false},"author":1,"featured_media":0,"parent":0,"menu_order":0,"comment_status":"closed","ping_status":"closed","template":"","meta":{"footnotes":""},"class_list":["post-475","page","type-page","status-publish","hentry"],"_links":{"self":[{"href":"http:\/\/www.izaluminyum.com\/index.php?rest_route=\/wp\/v2\/pages\/475","targetHints":{"allow":["GET"]}}],"collection":[{"href":"http:\/\/www.izaluminyum.com\/index.php?rest_route=\/wp\/v2\/pages"}],"about":[{"href":"http:\/\/www.izaluminyum.com\/index.php?rest_route=\/wp\/v2\/types\/page"}],"author":[{"embeddable":true,"href":"http:\/\/www.izaluminyum.com\/index.php?rest_route=\/wp\/v2\/users\/1"}],"replies":[{"embeddable":true,"href":"http:\/\/www.izaluminyum.com\/index.php?rest_route=%2Fwp%2Fv2%2Fcomments&post=475"}],"version-history":[{"count":17,"href":"http:\/\/www.izaluminyum.com\/index.php?rest_route=\/wp\/v2\/pages\/475\/revisions"}],"predecessor-version":[{"id":599,"href":"http:\/\/www.izaluminyum.com\/index.php?rest_route=\/wp\/v2\/pages\/475\/revisions\/599"}],"wp:attachment":[{"href":"http:\/\/www.izaluminyum.com\/index.php?rest_route=%2Fwp%2Fv2%2Fmedia&parent=475"}],"curies":[{"name":"wp","href":"https:\/\/api.w.org\/{rel}","templated":true}]}}