{"id":473,"date":"2024-12-18T20:00:39","date_gmt":"2024-12-18T17:00:39","guid":{"rendered":"http:\/\/www.izaluminyum.com\/?page_id=473"},"modified":"2025-01-13T16:48:01","modified_gmt":"2025-01-13T13:48:01","slug":"hakkimizda","status":"publish","type":"page","link":"http:\/\/www.izaluminyum.com\/?page_id=473","title":{"rendered":"Hakk\u0131m\u0131zda"},"content":{"rendered":"<p><style>\r\n        body {\r\n            font-family: 'Segoe UI', Tahoma, Geneva, Verdana, sans-serif;\r\n            line-height: 1.8;\r\n            margin: 0;\r\n            padding: 0;\r\n\r\n        }\r\n\r\n        .container {\r\n            max-width: 900px;\r\n            margin: 30px auto;\r\n            padding: 25px;\r\n            background-color: #ffffff;\r\n            box-shadow: 0 6px 12px rgba(0, 0, 0, 0.15);\r\n            border-radius: 10px;\r\n            transition: transform 0.3s;\r\n            text-decoration: none;\r\n        }\r\n\r\n        .container:hover {\r\n            transform: scale(1.02);\r\n        }\r\n\r\n        h1, h2 {\r\n            text-transform: uppercase;\r\n            font-weight: bold;\r\n            margin-bottom: 15px;\r\n        }\r\n\r\n        h1 {\r\n            text-align: center;\r\n            font-size: 2.2em;\r\n        }\r\n\r\n        p {\r\n            margin: 15px 0;\r\n            text-align: justify;\r\n        }\r\n\r\n      \r\n\r\n        ul {\r\n            margin: 15px 0;\r\n            padding-left: 25px;\r\n        }\r\n\r\n        ul li {\r\n            margin: 8px 0;\r\n            list-style-type: disc;\r\n        }\r\n\r\n        a {\r\n            color: #3498db;\r\n            text-decoration: none;\r\n            font-weight: bold;\r\n        }\r\n\r\n        a:hover {\r\n            text-decoration: underline;\r\n        }\r\n\r\n        .footer {\r\n            text-align: center;\r\n            font-size: 0.85em;\r\n            color: #7f8c8d;\r\n            margin-top: 30px;\r\n        }\r\n\r\n        .footer p {\r\n            margin: 0;\r\n        }\r\n    <\/style><\/p>\r\n<div class=\"container\">\r\n<h1>\u0130z Al\u00fcminyum<\/h1>\r\n<p>Al\u00fcminyum sekt\u00f6r\u00fcnde 1998 y\u0131l\u0131ndan bu yana faaliyet g\u00f6steren <strong>\u0130z Al\u00fcminyum<\/strong>, Edirne Organize Sanayi B\u00f6lgesi\u2019nde kurmu\u015f oldu\u011fu tesisinde hizmet vermektedir.<\/p>\r\n<div class=\"highlight\">\r\n<p>\u0130z Al\u00fcminyum olarak, kuruldu\u011fumuz g\u00fcnden bu yana siz de\u011ferli m\u00fc\u015fterilerimizin eloksalda t\u00fcm renk ve h\u0131zl\u0131 \u00e7\u00f6z\u00fcme ula\u015fabilmesi i\u00e7in <strong>24 saat hizmet<\/strong> vermekteyiz.<\/p>\r\n<p>H\u0131zl\u0131 ve sorunsuz sevkiyatlar\u0131m\u0131z ile t\u00fcm eloksal hizmetlerimizde <strong>kaliteyi \u00f6n planda<\/strong> tutuyoruz.<\/p>\r\n<\/div>\r\n<p>\u0130\u015f tecr\u00fcbesiyle siz de\u011ferli m\u00fc\u015fterilerimize malzeme kalitesi ve fiyat g\u00fcvencesi ile hizmet vermeyi ilke edinmi\u015ftir.<\/p>\r\n<h2>Vizyonumuz<\/h2>\r\n<p>\u0130z Al\u00fcminyum, bug\u00fcne kadar titizlikle elde etti\u011fi ba\u015far\u0131s\u0131n\u0131 \u00f6n\u00fcm\u00fczdeki y\u0131llara da ta\u015f\u0131may\u0131, bu do\u011frultuda daha nitelikli, h\u0131zl\u0131 ve g\u00fcvenilir \u00e7al\u0131\u015fma prensibi ile sekt\u00f6r\u00fcnde kazand\u0131\u011f\u0131 sayg\u0131nl\u0131\u011f\u0131 ilelebet devam ettirme gayesindedir.<\/p>\r\n<h2>Hedefimiz<\/h2>\r\n<p>M\u00fc\u015fteri odakl\u0131 kalite ve hizmet anlay\u0131\u015f\u0131m\u0131zla, ileri g\u00f6r\u00fc\u015fl\u00fc ekibimizle <strong>daha iyisi<\/strong> i\u00e7in \u00e7al\u0131\u015fmaya devam etmekteyiz. Y\u0131llar\u0131n verdi\u011fi bilgi birikimi ve tecr\u00fcbemizle en kaliteli \u00fcr\u00fcn\u00fc do\u011fru zamanlama ile siz de\u011ferli i\u015f ortaklar\u0131m\u0131za sunmay\u0131 g\u00f6rev edindik.<\/p>\r\n<p><strong>Hedefimiz:<\/strong> Bug\u00fcn ve yar\u0131n da ba\u015far\u0131lar\u0131m\u0131z\u0131 kal\u0131c\u0131 k\u0131lmakt\u0131r.<\/p>\r\n<div class=\"footer\">\r\n<p>\u00a9 2024 \u0130z Al\u00fcminyum. T\u00fcm haklar\u0131 sakl\u0131d\u0131r. | <a href=\"http:\/\/www.izaluminyum.com\">Web Sitemizi Ziyaret Edin<\/a><\/p>\r\n<\/div>\r\n<\/div>\r\n\r\n<div class=\"is-layout-flex wp-container-core-columns-is-layout-1 wp-block-columns-is-layout-flex\">\u00a0<\/div>\r\n","protected":false},"excerpt":{"rendered":"<p>\u0130z Al\u00fcminyum Al\u00fcminyum sekt\u00f6r\u00fcnde 1998 y\u0131l\u0131ndan bu yana faaliyet g\u00f6steren \u0130z Al\u00fcminyum, Edirne Organize Sanayi B\u00f6lgesi\u2019nde kurmu\u015f oldu\u011fu tesisinde hizmet vermektedir. \u0130z Al\u00fcminyum olarak, kuruldu\u011fumuz g\u00fcnden bu yana siz de\u011ferli m\u00fc\u015fterilerimizin eloksalda t\u00fcm renk ve h\u0131zl\u0131 \u00e7\u00f6z\u00fcme ula\u015fabilmesi i\u00e7in 24 saat hizmet vermekteyiz. H\u0131zl\u0131 ve sorunsuz sevkiyatlar\u0131m\u0131z ile t\u00fcm eloksal hizmetlerimizde kaliteyi \u00f6n planda tutuyoruz. [&hellip;]<\/p>\n","protected":false},"author":1,"featured_media":0,"parent":0,"menu_order":0,"comment_status":"closed","ping_status":"closed","template":"","meta":{"footnotes":""},"class_list":["post-473","page","type-page","status-publish","hentry"],"_links":{"self":[{"href":"http:\/\/www.izaluminyum.com\/index.php?rest_route=\/wp\/v2\/pages\/473","targetHints":{"allow":["GET"]}}],"collection":[{"href":"http:\/\/www.izaluminyum.com\/index.php?rest_route=\/wp\/v2\/pages"}],"about":[{"href":"http:\/\/www.izaluminyum.com\/index.php?rest_route=\/wp\/v2\/types\/page"}],"author":[{"embeddable":true,"href":"http:\/\/www.izaluminyum.com\/index.php?rest_route=\/wp\/v2\/users\/1"}],"replies":[{"embeddable":true,"href":"http:\/\/www.izaluminyum.com\/index.php?rest_route=%2Fwp%2Fv2%2Fcomments&post=473"}],"version-history":[{"count":22,"href":"http:\/\/www.izaluminyum.com\/index.php?rest_route=\/wp\/v2\/pages\/473\/revisions"}],"predecessor-version":[{"id":605,"href":"http:\/\/www.izaluminyum.com\/index.php?rest_route=\/wp\/v2\/pages\/473\/revisions\/605"}],"wp:attachment":[{"href":"http:\/\/www.izaluminyum.com\/index.php?rest_route=%2Fwp%2Fv2%2Fmedia&parent=473"}],"curies":[{"name":"wp","href":"https:\/\/api.w.org\/{rel}","templated":true}]}}